{"id":212,"date":"2023-01-06T16:37:38","date_gmt":"2023-01-06T15:37:38","guid":{"rendered":"https:\/\/muzeumelektroniki.pl\/?page_id=212"},"modified":"2023-01-10T00:30:09","modified_gmt":"2023-01-09T23:30:09","slug":"patronat","status":"publish","type":"page","link":"https:\/\/muzeumelektroniki.pl\/?page_id=212","title":{"rendered":"Patronat"},"content":{"rendered":"\t\t<div data-elementor-type=\"wp-page\" data-elementor-id=\"212\" class=\"elementor elementor-212\">\n\t\t\t\t\t\t\t\t\t<section class=\"elementor-section elementor-top-section elementor-element elementor-element-de61f78 elementor-section-boxed elementor-section-height-default elementor-section-height-default\" data-id=\"de61f78\" data-element_type=\"section\">\n\t\t\t\t\t\t<div class=\"elementor-container elementor-column-gap-default\">\n\t\t\t\t\t<div class=\"elementor-column elementor-col-100 elementor-top-column elementor-element elementor-element-b1d8a78\" data-id=\"b1d8a78\" data-element_type=\"column\">\n\t\t\t<div class=\"elementor-widget-wrap elementor-element-populated\">\n\t\t\t\t\t\t\t\t<section class=\"elementor-section elementor-inner-section elementor-element elementor-element-5b2021f elementor-section-boxed elementor-section-height-default elementor-section-height-default\" data-id=\"5b2021f\" data-element_type=\"section\">\n\t\t\t\t\t\t<div class=\"elementor-container elementor-column-gap-default\">\n\t\t\t\t\t<div class=\"elementor-column elementor-col-50 elementor-inner-column elementor-element elementor-element-4b23420\" data-id=\"4b23420\" data-element_type=\"column\">\n\t\t\t<div class=\"elementor-widget-wrap elementor-element-populated\">\n\t\t\t\t\t\t\t\t<div class=\"elementor-element elementor-element-08517a2 elementor-widget elementor-widget-image\" data-id=\"08517a2\" data-element_type=\"widget\" data-widget_type=\"image.default\">\n\t\t\t\t<div class=\"elementor-widget-container\">\n\t\t\t<style>\/*! elementor - v3.9.2 - 21-12-2022 *\/\n.elementor-widget-image{text-align:center}.elementor-widget-image a{display:inline-block}.elementor-widget-image a img[src$=\".svg\"]{width:48px}.elementor-widget-image img{vertical-align:middle;display:inline-block}<\/style>\t\t\t\t\t\t\t\t\t\t\t\t\t<a href=\"https:\/\/patronite.pl\/muzeumelektroniki\" target=\"_blank\">\n\t\t\t\t\t\t\t<img loading=\"lazy\" decoding=\"async\" width=\"768\" height=\"254\" src=\"https:\/\/muzeumelektroniki.pl\/wp-content\/uploads\/2023\/01\/patronite-PNG-02-white-768x254.png\" class=\"attachment-medium_large size-medium_large wp-image-433\" alt=\"\" srcset=\"https:\/\/muzeumelektroniki.pl\/wp-content\/uploads\/2023\/01\/patronite-PNG-02-white-768x254.png 768w, https:\/\/muzeumelektroniki.pl\/wp-content\/uploads\/2023\/01\/patronite-PNG-02-white-300x99.png 300w, https:\/\/muzeumelektroniki.pl\/wp-content\/uploads\/2023\/01\/patronite-PNG-02-white.png 1001w\" sizes=\"auto, (max-width: 768px) 100vw, 768px\" \/>\t\t\t\t\t\t\t\t<\/a>\n\t\t\t\t\t\t\t\t\t\t\t\t\t\t\t<\/div>\n\t\t\t\t<\/div>\n\t\t\t\t\t<\/div>\n\t\t<\/div>\n\t\t\t\t<div class=\"elementor-column elementor-col-50 elementor-inner-column elementor-element elementor-element-dddb89e\" data-id=\"dddb89e\" data-element_type=\"column\">\n\t\t\t<div class=\"elementor-widget-wrap elementor-element-populated\">\n\t\t\t\t\t\t\t\t<div class=\"elementor-element elementor-element-9355e3c elementor-widget elementor-widget-text-editor\" data-id=\"9355e3c\" data-element_type=\"widget\" data-widget_type=\"text-editor.default\">\n\t\t\t\t<div class=\"elementor-widget-container\">\n\t\t\t<style>\/*! elementor - v3.9.2 - 21-12-2022 *\/\n.elementor-widget-text-editor.elementor-drop-cap-view-stacked .elementor-drop-cap{background-color:#818a91;color:#fff}.elementor-widget-text-editor.elementor-drop-cap-view-framed .elementor-drop-cap{color:#818a91;border:3px solid;background-color:transparent}.elementor-widget-text-editor:not(.elementor-drop-cap-view-default) .elementor-drop-cap{margin-top:8px}.elementor-widget-text-editor:not(.elementor-drop-cap-view-default) .elementor-drop-cap-letter{width:1em;height:1em}.elementor-widget-text-editor .elementor-drop-cap{float:left;text-align:center;line-height:1;font-size:50px}.elementor-widget-text-editor .elementor-drop-cap-letter{display:inline-block}<\/style>\t\t\t\t<p>Je\u015bli podoba Ci si\u0119 to, co robimy, mo\u017cesz wesprze\u0107 nasz\u0105 misj\u0119. Zajrzyj na profil Muzeum Elektroniki na Patronite:&nbsp;<\/p><p><a href=\"https:\/\/patronite.pl\/muzeumelektroniki\" target=\"_blank\">Muzeum Elektroniki na Patronite<\/a><br><\/p>\t\t\t\t\t\t<\/div>\n\t\t\t\t<\/div>\n\t\t\t\t\t<\/div>\n\t\t<\/div>\n\t\t\t\t\t\t\t<\/div>\n\t\t<\/section>\n\t\t\t\t\t<\/div>\n\t\t<\/div>\n\t\t\t\t\t\t\t<\/div>\n\t\t<\/section>\n\t\t\t\t<section class=\"elementor-section elementor-top-section elementor-element elementor-element-5b6611b elementor-section-boxed elementor-section-height-default elementor-section-height-default\" data-id=\"5b6611b\" data-element_type=\"section\">\n\t\t\t\t\t\t<div class=\"elementor-container elementor-column-gap-default\">\n\t\t\t\t\t<div class=\"elementor-column elementor-col-100 elementor-top-column elementor-element elementor-element-6ef4da6\" data-id=\"6ef4da6\" data-element_type=\"column\">\n\t\t\t<div class=\"elementor-widget-wrap elementor-element-populated\">\n\t\t\t\t\t\t\t\t<div class=\"elementor-element elementor-element-22ed486 elementor-widget elementor-widget-heading\" data-id=\"22ed486\" data-element_type=\"widget\" data-widget_type=\"heading.default\">\n\t\t\t\t<div class=\"elementor-widget-container\">\n\t\t\t<style>\/*! elementor - v3.9.2 - 21-12-2022 *\/\n.elementor-heading-title{padding:0;margin:0;line-height:1}.elementor-widget-heading .elementor-heading-title[class*=elementor-size-]>a{color:inherit;font-size:inherit;line-height:inherit}.elementor-widget-heading .elementor-heading-title.elementor-size-small{font-size:15px}.elementor-widget-heading .elementor-heading-title.elementor-size-medium{font-size:19px}.elementor-widget-heading .elementor-heading-title.elementor-size-large{font-size:29px}.elementor-widget-heading .elementor-heading-title.elementor-size-xl{font-size:39px}.elementor-widget-heading .elementor-heading-title.elementor-size-xxl{font-size:59px}<\/style><h2 class=\"elementor-heading-title elementor-size-default\">Nasi dotychczasowi Patroni:<\/h2>\t\t<\/div>\n\t\t\t\t<\/div>\n\t\t\t\t<div class=\"elementor-element elementor-element-84c2459 elementor-widget elementor-widget-text-editor\" data-id=\"84c2459\" data-element_type=\"widget\" data-widget_type=\"text-editor.default\">\n\t\t\t\t<div class=\"elementor-widget-container\">\n\t\t\t\t\t\t\t<p>Dzi\u0119kujemy wszystkim fantastycznym osobom, kt\u00f3re wspieraj\u0105 nasze dzia\u0142ania. Dzi\u0119ki Wam nasze Muzeum mo\u017ce dalej si\u0119 rozwija\u0107!<\/p><p>Krutznik<\/p><p>Bart\u0142omiej F. Tajchman<\/p><p>Mateusz \u0106wiek<\/p><p>Tomasz Skuta sk00ter \ud83d\ude09<\/p><p>\u00a0<\/p><p>\u00a0<\/p>\t\t\t\t\t\t<\/div>\n\t\t\t\t<\/div>\n\t\t\t\t\t<\/div>\n\t\t<\/div>\n\t\t\t\t\t\t\t<\/div>\n\t\t<\/section>\n\t\t\t\t\t\t\t<\/div>\n\t\t","protected":false},"excerpt":{"rendered":"<p>Je\u015bli podoba Ci si\u0119 to, co robimy, mo\u017cesz wesprze\u0107 nasz\u0105 misj\u0119. Zajrzyj na profil Muzeum Elektroniki na Patronite:&nbsp; Muzeum Elektroniki<span class=\"more-dots\">&#8230;<\/span><\/p>\n","protected":false},"author":1,"featured_media":0,"parent":0,"menu_order":0,"comment_status":"closed","ping_status":"closed","template":"","meta":{"footnotes":""},"class_list":["post-212","page","type-page","status-publish","hentry","no-post-thumbnail"],"yoast_head":"<!-- This site is optimized with the Yoast SEO plugin v20.2 - https:\/\/yoast.com\/wordpress\/plugins\/seo\/ -->\n<title>Patronat - Muzeum Elektroniki<\/title>\n<meta name=\"robots\" content=\"index, follow, max-snippet:-1, max-image-preview:large, max-video-preview:-1\" \/>\n<link rel=\"canonical\" href=\"https:\/\/muzeumelektroniki.pl\/?page_id=212\" \/>\n<meta property=\"og:locale\" content=\"pl_PL\" \/>\n<meta property=\"og:type\" content=\"article\" \/>\n<meta property=\"og:title\" content=\"Patronat - Muzeum Elektroniki\" \/>\n<meta property=\"og:description\" content=\"Je\u015bli podoba Ci si\u0119 to, co robimy, mo\u017cesz wesprze\u0107 nasz\u0105 misj\u0119. Zajrzyj na profil Muzeum Elektroniki na Patronite:&nbsp; Muzeum Elektroniki...\" \/>\n<meta property=\"og:url\" content=\"https:\/\/muzeumelektroniki.pl\/?page_id=212\" \/>\n<meta property=\"og:site_name\" content=\"Muzeum Elektroniki\" \/>\n<meta property=\"article:publisher\" content=\"https:\/\/www.facebook.com\/muzeumelektroniki\" \/>\n<meta property=\"article:modified_time\" content=\"2023-01-09T23:30:09+00:00\" \/>\n<meta property=\"og:image\" content=\"https:\/\/muzeumelektroniki.pl\/wp-content\/uploads\/2023\/01\/patronite-PNG-02-white-768x254.png\" \/>\n<meta name=\"twitter:card\" content=\"summary_large_image\" \/>\n<script type=\"application\/ld+json\" class=\"yoast-schema-graph\">{\"@context\":\"https:\/\/schema.org\",\"@graph\":[{\"@type\":\"WebPage\",\"@id\":\"https:\/\/muzeumelektroniki.pl\/?page_id=212\",\"url\":\"https:\/\/muzeumelektroniki.pl\/?page_id=212\",\"name\":\"Patronat - Muzeum Elektroniki\",\"isPartOf\":{\"@id\":\"https:\/\/muzeumelektroniki.pl\/#website\"},\"datePublished\":\"2023-01-06T15:37:38+00:00\",\"dateModified\":\"2023-01-09T23:30:09+00:00\",\"breadcrumb\":{\"@id\":\"https:\/\/muzeumelektroniki.pl\/?page_id=212#breadcrumb\"},\"inLanguage\":\"pl-PL\",\"potentialAction\":[{\"@type\":\"ReadAction\",\"target\":[\"https:\/\/muzeumelektroniki.pl\/?page_id=212\"]}]},{\"@type\":\"BreadcrumbList\",\"@id\":\"https:\/\/muzeumelektroniki.pl\/?page_id=212#breadcrumb\",\"itemListElement\":[{\"@type\":\"ListItem\",\"position\":1,\"name\":\"Strona g\u0142\u00f3wna\",\"item\":\"https:\/\/muzeumelektroniki.pl\/\"},{\"@type\":\"ListItem\",\"position\":2,\"name\":\"Patronat\"}]},{\"@type\":\"WebSite\",\"@id\":\"https:\/\/muzeumelektroniki.pl\/#website\",\"url\":\"https:\/\/muzeumelektroniki.pl\/\",\"name\":\"Muzeum Elektroniki\",\"description\":\"Przyjd\u017a, zobacz, dotknij, poczuj.\",\"publisher\":{\"@id\":\"https:\/\/muzeumelektroniki.pl\/#organization\"},\"potentialAction\":[{\"@type\":\"SearchAction\",\"target\":{\"@type\":\"EntryPoint\",\"urlTemplate\":\"https:\/\/muzeumelektroniki.pl\/?s={search_term_string}\"},\"query-input\":\"required name=search_term_string\"}],\"inLanguage\":\"pl-PL\"},{\"@type\":\"Organization\",\"@id\":\"https:\/\/muzeumelektroniki.pl\/#organization\",\"name\":\"Muzeum Elektroniki\",\"url\":\"https:\/\/muzeumelektroniki.pl\/\",\"logo\":{\"@type\":\"ImageObject\",\"inLanguage\":\"pl-PL\",\"@id\":\"https:\/\/muzeumelektroniki.pl\/#\/schema\/logo\/image\/\",\"url\":\"https:\/\/muzeumelektroniki.pl\/wp-content\/uploads\/2023\/01\/logo_pzr-e1673197137782.png\",\"contentUrl\":\"https:\/\/muzeumelektroniki.pl\/wp-content\/uploads\/2023\/01\/logo_pzr-e1673197137782.png\",\"width\":600,\"height\":146,\"caption\":\"Muzeum Elektroniki\"},\"image\":{\"@id\":\"https:\/\/muzeumelektroniki.pl\/#\/schema\/logo\/image\/\"},\"sameAs\":[\"https:\/\/www.facebook.com\/muzeumelektroniki\"]}]}<\/script>\n<!-- \/ Yoast SEO plugin. -->","yoast_head_json":{"title":"Patronat - Muzeum Elektroniki","robots":{"index":"index","follow":"follow","max-snippet":"max-snippet:-1","max-image-preview":"max-image-preview:large","max-video-preview":"max-video-preview:-1"},"canonical":"https:\/\/muzeumelektroniki.pl\/?page_id=212","og_locale":"pl_PL","og_type":"article","og_title":"Patronat - Muzeum Elektroniki","og_description":"Je\u015bli podoba Ci si\u0119 to, co robimy, mo\u017cesz wesprze\u0107 nasz\u0105 misj\u0119. Zajrzyj na profil Muzeum Elektroniki na Patronite:&nbsp; Muzeum Elektroniki...","og_url":"https:\/\/muzeumelektroniki.pl\/?page_id=212","og_site_name":"Muzeum Elektroniki","article_publisher":"https:\/\/www.facebook.com\/muzeumelektroniki","article_modified_time":"2023-01-09T23:30:09+00:00","og_image":[{"url":"https:\/\/muzeumelektroniki.pl\/wp-content\/uploads\/2023\/01\/patronite-PNG-02-white-768x254.png"}],"twitter_card":"summary_large_image","schema":{"@context":"https:\/\/schema.org","@graph":[{"@type":"WebPage","@id":"https:\/\/muzeumelektroniki.pl\/?page_id=212","url":"https:\/\/muzeumelektroniki.pl\/?page_id=212","name":"Patronat - Muzeum Elektroniki","isPartOf":{"@id":"https:\/\/muzeumelektroniki.pl\/#website"},"datePublished":"2023-01-06T15:37:38+00:00","dateModified":"2023-01-09T23:30:09+00:00","breadcrumb":{"@id":"https:\/\/muzeumelektroniki.pl\/?page_id=212#breadcrumb"},"inLanguage":"pl-PL","potentialAction":[{"@type":"ReadAction","target":["https:\/\/muzeumelektroniki.pl\/?page_id=212"]}]},{"@type":"BreadcrumbList","@id":"https:\/\/muzeumelektroniki.pl\/?page_id=212#breadcrumb","itemListElement":[{"@type":"ListItem","position":1,"name":"Strona g\u0142\u00f3wna","item":"https:\/\/muzeumelektroniki.pl\/"},{"@type":"ListItem","position":2,"name":"Patronat"}]},{"@type":"WebSite","@id":"https:\/\/muzeumelektroniki.pl\/#website","url":"https:\/\/muzeumelektroniki.pl\/","name":"Muzeum Elektroniki","description":"Przyjd\u017a, zobacz, dotknij, poczuj.","publisher":{"@id":"https:\/\/muzeumelektroniki.pl\/#organization"},"potentialAction":[{"@type":"SearchAction","target":{"@type":"EntryPoint","urlTemplate":"https:\/\/muzeumelektroniki.pl\/?s={search_term_string}"},"query-input":"required name=search_term_string"}],"inLanguage":"pl-PL"},{"@type":"Organization","@id":"https:\/\/muzeumelektroniki.pl\/#organization","name":"Muzeum Elektroniki","url":"https:\/\/muzeumelektroniki.pl\/","logo":{"@type":"ImageObject","inLanguage":"pl-PL","@id":"https:\/\/muzeumelektroniki.pl\/#\/schema\/logo\/image\/","url":"https:\/\/muzeumelektroniki.pl\/wp-content\/uploads\/2023\/01\/logo_pzr-e1673197137782.png","contentUrl":"https:\/\/muzeumelektroniki.pl\/wp-content\/uploads\/2023\/01\/logo_pzr-e1673197137782.png","width":600,"height":146,"caption":"Muzeum Elektroniki"},"image":{"@id":"https:\/\/muzeumelektroniki.pl\/#\/schema\/logo\/image\/"},"sameAs":["https:\/\/www.facebook.com\/muzeumelektroniki"]}]}},"_links":{"self":[{"href":"https:\/\/muzeumelektroniki.pl\/index.php?rest_route=\/wp\/v2\/pages\/212","targetHints":{"allow":["GET"]}}],"collection":[{"href":"https:\/\/muzeumelektroniki.pl\/index.php?rest_route=\/wp\/v2\/pages"}],"about":[{"href":"https:\/\/muzeumelektroniki.pl\/index.php?rest_route=\/wp\/v2\/types\/page"}],"author":[{"embeddable":true,"href":"https:\/\/muzeumelektroniki.pl\/index.php?rest_route=\/wp\/v2\/users\/1"}],"replies":[{"embeddable":true,"href":"https:\/\/muzeumelektroniki.pl\/index.php?rest_route=%2Fwp%2Fv2%2Fcomments&post=212"}],"version-history":[{"count":13,"href":"https:\/\/muzeumelektroniki.pl\/index.php?rest_route=\/wp\/v2\/pages\/212\/revisions"}],"predecessor-version":[{"id":459,"href":"https:\/\/muzeumelektroniki.pl\/index.php?rest_route=\/wp\/v2\/pages\/212\/revisions\/459"}],"wp:attachment":[{"href":"https:\/\/muzeumelektroniki.pl\/index.php?rest_route=%2Fwp%2Fv2%2Fmedia&parent=212"}],"curies":[{"name":"wp","href":"https:\/\/api.w.org\/{rel}","templated":true}]}}